{"id":108,"date":"2016-12-09T23:17:00","date_gmt":"2016-12-09T23:17:00","guid":{"rendered":"https:\/\/foevis.ninetheme.com\/?page_id=108"},"modified":"2025-08-29T12:51:25","modified_gmt":"2025-08-29T12:51:25","slug":"about","status":"publish","type":"page","link":"https:\/\/dein-eventfilm.de\/?page_id=108","title":{"rendered":"About"},"content":{"rendered":"<div class=\"wpb-content-wrapper\"><p>[vc_row][vc_column]<!-- About company --><section id=\"about\" class=\"about_company\"><div class=\"container\"><div class=\"row\"><div class=\"col-md-6 first_big_section\"><h2>Wer wir sind<\/h2><p>Dein Eventfilm steht f\u00fcr professionelle Film- und Fotoproduktion in Stuttgart. Mit Leidenschaft, Kreativit\u00e4t und modernster Technik setzen wir Events jeder Art in Szene \u2013 von Festivals \u00fcber Firmenfeiern bis hin zu privaten Veranstaltungen. Unser Ziel ist es, Emotionen festzuhalten und Geschichten zu erz\u00e4hlen, die bleiben.<\/p><\/div><div class=\"col-md-5 second_big_section\"><div class=\"cycle-slideshow\"\n    data-cycle-fx=\"scrollVert\"\n    data-cycle-timeout=\"7000\"\n    data-cycle-prev=\".up-69ddce377c285\"\n    data-cycle-next=\".down-69ddce377c285\"\n    data-cycle-caption=\".slide_number-69ddce377c285\"\n    data-cycle-caption-template=\"{{cycleTitle}}\"\n    ><img decoding=\"async\" src=\"\" alt=\"about\" data-cycle-title=\"1\"><img decoding=\"async\" src=\"\" alt=\"about\" data-cycle-title=\"2\"><\/div><\/div><div class=\"col-md-1 third_big_section arrows_controls\"><a href=\"#\" class=\"up up-69ddce377c285\"><i class=\"fa fa-long-arrow-up\"><\/i><\/a><div class=\"slide_number slide_number-69ddce377c285\"><\/div><a href=\"#\" class=\"down down-69ddce377c285\"><i class=\"fa fa-long-arrow-down\"><\/i><\/a><\/div><\/div><\/div><\/section>[\/vc_column][\/vc_row][vc_row][vc_column]<!-- Skills & procent bars --><section id=\"skills\" class=\"skills\"><div class=\"container\"><div class=\"row\"><div class=\"col-md-6 first_big_section\"><div class=\"skill skill_1\"data-percent=\"100%\"><ul><li><h5>Erfahrung<\/h5><\/li><li class=\"procent\"><h5>100<\/h5><\/li><\/ul><div class=\"bar\"><div class=\"fill\"><\/div><div class=\"empty\"><\/div><\/div><div class=\"clearfix\"><\/div><\/div><div class=\"skill skill_1\"data-percent=\"100%\"><ul><li><h5>Flexibilit\u00e4t<\/h5><\/li><li class=\"procent\"><h5>100<\/h5><\/li><\/ul><div class=\"bar\"><div class=\"fill\"><\/div><div class=\"empty\"><\/div><\/div><div class=\"clearfix\"><\/div><\/div><div class=\"skill skill_1\"data-percent=\"100%\"><ul><li><h5>Schnelligkeit<\/h5><\/li><li class=\"procent\"><h5>100<\/h5><\/li><\/ul><div class=\"bar\"><div class=\"fill\"><\/div><div class=\"empty\"><\/div><\/div><div class=\"clearfix\"><\/div><\/div><div class=\"skill skill_1\"data-percent=\"100%\"><ul><li><h5>Qualit\u00e4t<\/h5><\/li><li class=\"procent\"><h5>100<\/h5><\/li><\/ul><div class=\"bar\"><div class=\"fill\"><\/div><div class=\"empty\"><\/div><\/div><div class=\"clearfix\"><\/div><\/div><\/div><div class=\"col-md-6 second_big_section\"><h3>Unsere Philosophie<\/h3><p>Wir erz\u00e4hlen Geschichten, die bleiben. Dabei kombinieren wir Emotion, Kreativit\u00e4t und Technik \u2013 f\u00fcr Filme und Fotos, die nicht nur Erinnerungen schaffen, sondern auch als wirkungsstarke Marketing- und Social-Media-Inhalte \u00fcberzeugen.<\/p><a href=\"#0\" class=\"btn_foevis btn_foevis_default\">Read more<\/a><\/div><\/div><\/div><\/section>[\/vc_column][\/vc_row][vc_row][vc_column]<!-- Team members --><section id=\"team\" class=\"team\"><div class=\"container\"><div class=\"row\"><div class=\"col-md-12 title\"><h2>Das Team hinter Dein Eventfilm<\/h2><p>Dein Eventfilm ist eine professionelle Film- und Fotoproduktion aus Stuttgart, spezialisiert auf Events, Festivals, Firmenfeiern und private Anl\u00e4sse. Gesteuert von Florian und Lars steht hinter uns ein kreatives Netzwerk aus Kameraleuten, Fotograf:innen, Cutter:innen und Technikprofis. So k\u00f6nnen wir flexibel auf jede Eventgr\u00f6\u00dfe reagieren \u2013 vom kleinen Firmenjubil\u00e4um bis zum gro\u00dfen Festival.<\/p><\/div><\/div><div class=\"row\"><div class=\" col-md-4  member\"><img decoding=\"async\" src=\"https:\/\/dein-eventfilm.de\/wp-content\/uploads\/2016\/12\/about_team_1-370x400.jpg\" alt=\"member\"><h4>Florian<\/h4><p>Co-Founder<\/p><p><\/p><p><\/p><p><\/p><\/div><div class=\" col-md-4  member\"><img decoding=\"async\" src=\"https:\/\/dein-eventfilm.de\/wp-content\/uploads\/2016\/12\/about_team_3-370x400.jpg\" alt=\"member\"><h4>Lars<\/h4><p>Co-Founder<\/p><p><\/p><p><\/p><p><\/p><\/div><\/div><\/div><\/section>[\/vc_column][\/vc_row][vc_row][vc_column]<!-- Fun facts numbers --><section id=\"counter\" class=\"fun_facts\"><div class=\"container\"><div class=\"row\"><div class=\"col-sm-3 col-xs-6 fact\"><p class=\"number\">27<\/p><p class=\"text\">happy clients<\/p><\/div><div class=\"col-sm-3 col-xs-6 fact\"><p class=\"number\">145<\/p><p class=\"text\">projects completed<\/p><\/div><div class=\"col-sm-3 col-xs-6 fact\"><p class=\"number\">68<\/p><p class=\"text\">cups of tea<\/p><\/div><div class=\"col-sm-3 col-xs-6 fact\"><p class=\"number\">49<\/p><p class=\"text\">new customers<\/p><\/div><\/div><\/div><\/section>[\/vc_column][\/vc_row]<\/p>\n<\/div>","protected":false},"excerpt":{"rendered":"<p>[vc_row][vc_column][\/vc_column][\/vc_row][vc_row][vc_column][\/vc_column][\/vc_row][vc_row][vc_column][\/vc_column][\/vc_row][vc_row][vc_column][\/vc_column][\/vc_row]<\/p>\n","protected":false},"author":1,"featured_media":0,"parent":0,"menu_order":0,"comment_status":"closed","ping_status":"closed","template":"fullwidth-page.php","meta":{"footnotes":""},"class_list":["post-108","page","type-page","status-publish","hentry"],"_links":{"self":[{"href":"https:\/\/dein-eventfilm.de\/index.php?rest_route=\/wp\/v2\/pages\/108","targetHints":{"allow":["GET"]}}],"collection":[{"href":"https:\/\/dein-eventfilm.de\/index.php?rest_route=\/wp\/v2\/pages"}],"about":[{"href":"https:\/\/dein-eventfilm.de\/index.php?rest_route=\/wp\/v2\/types\/page"}],"author":[{"embeddable":true,"href":"https:\/\/dein-eventfilm.de\/index.php?rest_route=\/wp\/v2\/users\/1"}],"replies":[{"embeddable":true,"href":"https:\/\/dein-eventfilm.de\/index.php?rest_route=%2Fwp%2Fv2%2Fcomments&post=108"}],"version-history":[{"count":2,"href":"https:\/\/dein-eventfilm.de\/index.php?rest_route=\/wp\/v2\/pages\/108\/revisions"}],"predecessor-version":[{"id":234,"href":"https:\/\/dein-eventfilm.de\/index.php?rest_route=\/wp\/v2\/pages\/108\/revisions\/234"}],"wp:attachment":[{"href":"https:\/\/dein-eventfilm.de\/index.php?rest_route=%2Fwp%2Fv2%2Fmedia&parent=108"}],"curies":[{"name":"wp","href":"https:\/\/api.w.org\/{rel}","templated":true}]}}